{"id":337,"date":"2017-07-23T11:40:55","date_gmt":"2017-07-23T09:40:55","guid":{"rendered":"http:\/\/chiro-creteil.fr\/chiro-creteil-test\/?page_id=337"},"modified":"2021-10-05T13:45:06","modified_gmt":"2021-10-05T11:45:06","slug":"la-chiropratique","status":"publish","type":"page","link":"http:\/\/chiro-creteil.fr\/index.php\/la-chiropratique\/","title":{"rendered":"La Chiropratique"},"content":{"rendered":"<div id=\"pl-337\"  class=\"panel-layout\" >\n<div id=\"pg-337-0\"  class=\"panel-grid panel-has-style\"  data-style=\"{&quot;padding&quot;:&quot;65px&quot;,&quot;cell_alignment&quot;:&quot;flex-start&quot;,&quot;align&quot;:&quot;&quot;,&quot;overlay&quot;:&quot;&quot;,&quot;overlay_color&quot;:&quot;#000000&quot;}\" >\n<div style=\"padding: 65px 0; \" data-overlay=\"true\" data-overlay-color=\"#000000\" class=\"panel-row-style panel-row-style-for-337-0\" >\n<div id=\"pgc-337-0-0\"  class=\"panel-grid-cell panel-grid-cell-empty\"  data-weight=\"0.5\" ><\/div>\n<div id=\"pgc-337-0-1\"  class=\"panel-grid-cell\"  data-weight=\"0.5\" >\n<div id=\"panel-337-0-1-0\" class=\"so-panel widget widget_text panel-first-child panel-last-child\" data-index=\"0\" data-style=\"{&quot;background_display&quot;:&quot;tile&quot;,&quot;content_alignment&quot;:&quot;left&quot;,&quot;title_color&quot;:&quot;#443f3f&quot;,&quot;headings_color&quot;:&quot;#443f3f&quot;}\" >\n<div style=\"text-align: left;\" data-title-color=\"#443f3f\" data-headings-color=\"#443f3f\" class=\"panel-widget-style panel-widget-style-for-337-0-1-0\" >\n<h3 class=\"widget-title\">D\u00e9finition<\/h3>\n<div class=\"textwidget\">\n<p>La chiropraxie est une th\u00e9rapie manuelle qui vise \u00e0 pr\u00e9venir, diagnostiquer et traiter les dysfonctions du corps pour lui permettre de retrouver une sant\u00e9 optimale.<\/p>\n<\/div><\/div>\n<\/div>\n<\/div>\n<\/div>\n<\/div>\n<div id=\"pg-337-1\"  class=\"panel-grid panel-has-style\"  data-style=\"{&quot;padding&quot;:&quot;40px&quot;,&quot;cell_alignment&quot;:&quot;flex-start&quot;,&quot;align&quot;:&quot;&quot;,&quot;overlay&quot;:&quot;&quot;,&quot;overlay_color&quot;:&quot;#000000&quot;}\" >\n<div style=\"padding: 40px 0; \" data-overlay=\"true\" data-overlay-color=\"#000000\" class=\"panel-row-style panel-row-style-for-337-1\" >\n<div id=\"pgc-337-1-0\"  class=\"panel-grid-cell\"  data-weight=\"0.5\" >\n<div id=\"panel-337-1-0-0\" class=\"so-panel widget widget_text panel-first-child panel-last-child\" data-index=\"1\" data-style=\"{&quot;background_display&quot;:&quot;tile&quot;,&quot;content_alignment&quot;:&quot;left&quot;,&quot;title_color&quot;:&quot;#443f3f&quot;,&quot;headings_color&quot;:&quot;#443f3f&quot;}\" >\n<div style=\"text-align: left;\" data-title-color=\"#443f3f\" data-headings-color=\"#443f3f\" class=\"panel-widget-style panel-widget-style-for-337-1-0-0\" >\n<h3 class=\"widget-title\">La Chiropraxie<\/h3>\n<div class=\"textwidget\">\n<p>En 1895, Daniel Palmer ajusta un homme sourd et il retrouv\u00eet l\u2019audition\u2026C\u2019est la naissance de la chiropraxie!<\/p>\n<p>Incroyable non? Et pourtant ce premier geste f\u00fbt \u00e0 l\u2019origine de la 1\u00e8re profession de sant\u00e9 manuelle dans le monde.<\/p>\n<p>C\u2019est aujourd\u2019hui 1 million d\u2019actes par jour qui sont r\u00e9alis\u00e9 \u00e0 travers le monde !<\/p>\n<p>Le terme Chiropraxie ou Chiropratique vient du grec \u00ab\u00a0Kher\u00a0\u00bb qui signifie \u00ab\u00a0la main\u00a0\u00bb, et \u00ab\u00a0praxis\u00a0\u00bb signifiant \u00ab\u00a0la pratique\u00a0\u00bb.<\/p>\n<p>La chiropraxie\/chiropratique est donc une pratique de sant\u00e9 manuelle indolore qui vise au diagnostic et aux traitements des troubles de l\u2019appareil locomoteur.<\/p>\n<p>Mais aussi, \u00e0 la pr\u00e9vention de toutes affections ost\u00e9o-musculo squelettique.<\/p>\n<p>Elle est partenaire officiel de l\u2019Organisation Mondiale de la Sant\u00e9 (OMS) depuis 1997.<\/p>\n<p>Cette th\u00e9rapie manuelle prend en charge le corps dans sa globalit\u00e9: colonne vert\u00e9brale, articulations des membres, muscles, cr\u00e2ne\u2026<\/p>\n<p>Le chiropracteur est habilit\u00e9 par d\u00e9cret (D\u00e9cret N\u00b02011-32 du 7 janvier 2011) au diagnostic et \u00e0 la prise en charge th\u00e9rapeutique des patients ayant une pathologie de son ressort.<\/p>\n<p>En tant que chiropracteur de premi\u00e8re intention le Chiropraticien n\u2019a pas besoin d\u2019ordonnance m\u00e9dicale pour prendre en charge ses patients. Vous pouvez donc le consulter directement.<\/p>\n<\/div><\/div>\n<\/div>\n<\/div>\n<div id=\"pgc-337-1-1\"  class=\"panel-grid-cell\"  data-weight=\"0.5\" >\n<div id=\"panel-337-1-1-0\" class=\"so-panel widget widget_text panel-first-child panel-last-child\" data-index=\"2\" data-style=\"{&quot;background_display&quot;:&quot;tile&quot;,&quot;content_alignment&quot;:&quot;left&quot;,&quot;title_color&quot;:&quot;#443f3f&quot;,&quot;headings_color&quot;:&quot;#443f3f&quot;}\" >\n<div style=\"text-align: left;\" data-title-color=\"#443f3f\" data-headings-color=\"#443f3f\" class=\"panel-widget-style panel-widget-style-for-337-1-1-0\" >\n<h3 class=\"widget-title\">Formation<\/h3>\n<div class=\"textwidget\">\n<p><span class=\"textheading2 mobile-undersized-upper\">Chaque chiropracteur du monde est form\u00e9 en 6 ans, dans des \u00e9tablissements standardis\u00e9s les uns par rapport aux autres, sous le contr\u00f4le de l\u2019European Council on Chiropractic Education (ECCE).<\/span><\/p>\n<p><span class=\"textheading2 mobile-undersized-upper\">En France, un seul \u00e9tablissement forme les chiropracteur : L\u2019Institut Franco-Europ\u00e9en de Chiropraxie (IFEC).<\/span><\/p>\n<p><span class=\"textheading2 mobile-undersized-upper\">Cet Institut, \u00e0 but non lucratif, \u00e9tablit, en 1983, a fait ses preuves depuis 30 ans en dispensant une formation de qualit\u00e9 qui lui a valu d\u2019obtenir le renouvellement en 2009 de son accr\u00e9ditation par l\u2019ECCE.<\/span><\/p>\n<p><span class=\"textheading2 mobile-undersized-upper\">\u00c9tabli \u00e0 Ivry-sur-Seine et \u00e0 Toulouse, l\u2019IFEC, institut d\u2019enseignement sup\u00e9rieur, dispense une formation dipl\u00f4mante, agr\u00e9\u00e9e par le minist\u00e8re de la Sant\u00e9.<\/span><\/p>\n<p><span class=\"textheading2 mobile-undersized-upper\">L\u2019IFEC forme en 6 ans des chiropracteurs pouvant exercer dans de nombreux pays tant au sein de la Communaut\u00e9 europ\u00e9enne que dans le reste du monde.<\/span><\/p>\n<p><span class=\"textheading2 mobile-undersized-upper\">La formation comprend :<\/span><\/p>\n<ul>\n<li class=\"textheading2 mobile-undersized-upper\" data-index=\"2148\" data-length=\"111\"><span class=\"textheading2 mobile-undersized-upper\">Un enseignement de 5 500 heures r\u00e9parties sur 6 ann\u00e9es acad\u00e9miques, alliant cours pratiques et th\u00e9oriques.<\/span><\/li>\n<li class=\"textheading2 mobile-undersized-upper\" data-index=\"2259\" data-length=\"94\"><span class=\"textheading2 mobile-undersized-upper\">De nombreux stages d\u2019observation clinique et de stages de dissection humaine (270 heures)<\/span><\/li>\n<li class=\"textheading2 mobile-undersized-upper\" data-index=\"2353\" data-length=\"130\"><span class=\"textheading2 mobile-undersized-upper\">15 mois d\u2019internat clinique dans les centres de soins chiropratiques de l\u2019IFEC, encadr\u00e9 par des professionnels exp\u00e9riment\u00e9s.<\/span><\/li>\n<li class=\"textheading2 mobile-undersized-upper\" data-index=\"2483\" data-length=\"68\"><span class=\"textheading2 mobile-undersized-upper\">Un assistanat en cabinet aupr\u00e8s d\u2019un chiropracteur exp\u00e9riment\u00e9.<\/span><\/li>\n<\/ul>\n<\/div><\/div>\n<\/div>\n<\/div>\n<\/div>\n<\/div>\n<\/div>\n","protected":false},"excerpt":{"rendered":"<p>D\u00e9finition La chiropraxie est une th\u00e9rapie manuelle qui vise \u00e0 pr\u00e9venir, diagnostiquer et traiter les dysfonctions du corps pour lui permettre de retrouver une sant\u00e9 optimale. La Chiropraxie En 1895, Daniel Palmer ajusta un homme sourd et il retrouv\u00eet l\u2019audition\u2026C\u2019est la naissance de la chiropraxie! Incroyable non? Et pourtant ce premier geste f\u00fbt \u00e0 l\u2019origine [&hellip;]<\/p>\n","protected":false},"author":1,"featured_media":0,"parent":0,"menu_order":0,"comment_status":"closed","ping_status":"closed","template":"page-templates\/page_front-page.php","meta":{"footnotes":""},"class_list":["post-337","page","type-page","status-publish","hentry"],"_links":{"self":[{"href":"http:\/\/chiro-creteil.fr\/index.php\/wp-json\/wp\/v2\/pages\/337","targetHints":{"allow":["GET"]}}],"collection":[{"href":"http:\/\/chiro-creteil.fr\/index.php\/wp-json\/wp\/v2\/pages"}],"about":[{"href":"http:\/\/chiro-creteil.fr\/index.php\/wp-json\/wp\/v2\/types\/page"}],"author":[{"embeddable":true,"href":"http:\/\/chiro-creteil.fr\/index.php\/wp-json\/wp\/v2\/users\/1"}],"replies":[{"embeddable":true,"href":"http:\/\/chiro-creteil.fr\/index.php\/wp-json\/wp\/v2\/comments?post=337"}],"version-history":[{"count":23,"href":"http:\/\/chiro-creteil.fr\/index.php\/wp-json\/wp\/v2\/pages\/337\/revisions"}],"predecessor-version":[{"id":509,"href":"http:\/\/chiro-creteil.fr\/index.php\/wp-json\/wp\/v2\/pages\/337\/revisions\/509"}],"wp:attachment":[{"href":"http:\/\/chiro-creteil.fr\/index.php\/wp-json\/wp\/v2\/media?parent=337"}],"curies":[{"name":"wp","href":"https:\/\/api.w.org\/{rel}","templated":true}]}}