{"id":375,"date":"2017-07-23T13:24:16","date_gmt":"2017-07-23T11:24:16","guid":{"rendered":"http:\/\/chiro-creteil.fr\/chiro-creteil-test\/?page_id=375"},"modified":"2021-10-05T13:43:22","modified_gmt":"2021-10-05T11:43:22","slug":"seance","status":"publish","type":"page","link":"http:\/\/chiro-creteil.fr\/index.php\/seance\/","title":{"rendered":"S\u00e9ance"},"content":{"rendered":"<div id=\"pl-375\"  class=\"panel-layout\" >\n<div id=\"pg-375-0\"  class=\"panel-grid panel-has-style\"  data-style=\"{&quot;padding&quot;:&quot;65px&quot;,&quot;cell_alignment&quot;:&quot;flex-start&quot;,&quot;align&quot;:&quot;&quot;,&quot;overlay&quot;:&quot;&quot;,&quot;overlay_color&quot;:&quot;#000000&quot;}\" >\n<div style=\"padding: 65px 0; \" data-overlay=\"true\" data-overlay-color=\"#000000\" class=\"panel-row-style panel-row-style-for-375-0\" >\n<div id=\"pgc-375-0-0\"  class=\"panel-grid-cell\"  data-weight=\"1\" >\n<div id=\"panel-375-0-0-0\" class=\"so-panel widget widget_text panel-first-child panel-last-child\" data-index=\"0\" data-style=\"{&quot;background_display&quot;:&quot;tile&quot;,&quot;content_alignment&quot;:&quot;left&quot;,&quot;title_color&quot;:&quot;#443f3f&quot;,&quot;headings_color&quot;:&quot;#443f3f&quot;}\" >\n<div style=\"text-align: left;\" data-title-color=\"#443f3f\" data-headings-color=\"#443f3f\" class=\"panel-widget-style panel-widget-style-for-375-0-0-0\" >\n<h3 class=\"widget-title\">Comment se d\u00e9roule une s\u00e9ance ?<\/h3>\n<div class=\"textwidget\"><\/div>\n<\/p><\/div>\n<\/div>\n<\/div>\n<\/div>\n<\/div>\n<div id=\"pg-375-1\"  class=\"panel-grid panel-has-style\"  data-style=\"{&quot;padding&quot;:&quot;0px&quot;,&quot;cell_alignment&quot;:&quot;flex-start&quot;,&quot;align&quot;:&quot;&quot;,&quot;overlay&quot;:&quot;&quot;,&quot;overlay_color&quot;:&quot;#000000&quot;}\" >\n<div style=\"padding: 0px 0; \" data-overlay=\"true\" data-overlay-color=\"#000000\" class=\"panel-row-style panel-row-style-for-375-1\" >\n<div id=\"pgc-375-1-0\"  class=\"panel-grid-cell panel-grid-cell-mobile-last\"  data-weight=\"0.5\" >\n<div id=\"panel-375-1-0-0\" class=\"so-panel widget widget_text panel-first-child panel-last-child\" data-index=\"1\" data-style=\"{&quot;background_display&quot;:&quot;tile&quot;,&quot;content_alignment&quot;:&quot;left&quot;,&quot;title_color&quot;:&quot;#443f3f&quot;,&quot;headings_color&quot;:&quot;#443f3f&quot;}\" >\n<div style=\"text-align: left;\" data-title-color=\"#443f3f\" data-headings-color=\"#443f3f\" class=\"panel-widget-style panel-widget-style-for-375-1-0-0\" >\n<h3 class=\"widget-title\">L\u2019Anamn\u00e8se<\/h3>\n<div class=\"textwidget\">\n<div>\n<p><span class=\"textheading2 mobile-undersized-upper\">C\u2019est l\u2019\u00e9tude de votre histoire.<\/span><\/p>\n<p><span class=\"textheading2 mobile-undersized-upper\">Cela permettra de rassembler le plus d\u2019informations possibles sur la douleur dont vous souffrez.\u00a0<\/span>Cela permettra \u00e9galement de la placer dans votre contexte personnel: ant\u00e9c\u00e9dents personnels et familiaux. Mais aussi et surtout, d\u2019apprendre vos habitudes de vie, de posture, de consommation, de sommeil, etc\u2026<\/p>\n<p>Il est important de penser \u00e0 apporter tous les examens compl\u00e9mentaires r\u00e9cents que vous poss\u00e9dez (radiographies, scanners, IRM, ost\u00e9odensitom\u00e9tries, examens bilogiques) en rapport ou non avec votre motif de consultation. Ils permettront de voir plus sp\u00e9cifiquement l\u2019\u00e9tat de vos articulations et de votre corps en g\u00e9n\u00e9ral.<\/p>\n<\/div>\n<p><span class=\"textheading2 mobile-undersized-upper\">Tout ceci dans le but d\u2019\u00e9tablir une courte liste des diagnostics dont vous \u00eates susceptible de souffrir.<\/span><\/p>\n<\/div><\/div>\n<\/div>\n<\/div>\n<div id=\"pgc-375-1-1\"  class=\"panel-grid-cell panel-grid-cell-empty\"  data-style=\"{&quot;background_display&quot;:&quot;tile&quot;,&quot;vertical_alignment&quot;:&quot;center&quot;}\"  data-weight=\"0.5\" ><\/div>\n<\/div>\n<\/div>\n<div id=\"pg-375-2\"  class=\"panel-grid panel-has-style\"  data-style=\"{&quot;cell_alignment&quot;:&quot;flex-start&quot;,&quot;align&quot;:&quot;&quot;,&quot;overlay&quot;:&quot;&quot;,&quot;overlay_color&quot;:&quot;#000000&quot;}\" >\n<div style=\"padding: 100px 0; \" data-overlay=\"true\" data-overlay-color=\"#000000\" class=\"panel-row-style panel-row-style-for-375-2\" >\n<div id=\"pgc-375-2-0\"  class=\"panel-grid-cell\"  data-weight=\"0.33333333333333\" >\n<div id=\"panel-375-2-0-0\" class=\"so-panel widget widget_text panel-first-child panel-last-child\" data-index=\"2\" data-style=\"{&quot;background_display&quot;:&quot;tile&quot;,&quot;content_alignment&quot;:&quot;left&quot;,&quot;title_color&quot;:&quot;#443f3f&quot;,&quot;headings_color&quot;:&quot;#443f3f&quot;}\" >\n<div style=\"text-align: left;\" data-title-color=\"#443f3f\" data-headings-color=\"#443f3f\" class=\"panel-widget-style panel-widget-style-for-375-2-0-0\" >\n<h3 class=\"widget-title\">L&rsquo;Examen clinique<\/h3>\n<div class=\"textwidget\">\n<p><span class=\"textheading2 mobile-undersized-upper\">Il s\u2019agit d\u2019une analyse de votre posture (statique et en mouvement) permettant la mise en \u00e9vidence de certains\u00a0<\/span>d\u00e9s\u00e9quilibres: hauteur des \u00e9paules, appui podal, etc\u2026<\/p>\n<p><span class=\"textheading2 mobile-undersized-upper\">Des tests orthop\u00e9diques et neurologiques nous permettrons de mettre en \u00e9vidence le diagnostic final.<\/span><\/p>\n<\/div><\/div>\n<\/div>\n<\/div>\n<div id=\"pgc-375-2-1\"  class=\"panel-grid-cell\"  data-weight=\"0.39969931271478\" >\n<div id=\"panel-375-2-1-0\" class=\"so-panel widget widget_text panel-first-child panel-last-child\" data-index=\"3\" data-style=\"{&quot;background_display&quot;:&quot;tile&quot;,&quot;content_alignment&quot;:&quot;left&quot;,&quot;title_color&quot;:&quot;#443f3f&quot;,&quot;headings_color&quot;:&quot;#443f3f&quot;}\" >\n<div style=\"text-align: left;\" data-title-color=\"#443f3f\" data-headings-color=\"#443f3f\" class=\"panel-widget-style panel-widget-style-for-375-2-1-0\" >\n<h3 class=\"widget-title\">L\u2019Examen chiropratique<\/h3>\n<div class=\"textwidget\">\n<p><span class=\"textheading2 mobile-undersized-upper\">Palpation des articulations et des muscles pour mettre en \u00e9vidence les d\u00e9rangements articulaires et les tensions\u00a0<\/span>musculaires anormales.<\/p>\n<p><span class=\"textheading2 mobile-undersized-upper\">Cela va permettre la mise en place d\u2019un plan de traitement<\/span><\/p>\n<\/div><\/div>\n<\/div>\n<\/div>\n<div id=\"pgc-375-2-2\"  class=\"panel-grid-cell\"  data-weight=\"0.26696735395189\" >\n<div id=\"panel-375-2-2-0\" class=\"so-panel widget widget_text panel-first-child panel-last-child\" data-index=\"4\" data-style=\"{&quot;background_display&quot;:&quot;tile&quot;,&quot;content_alignment&quot;:&quot;left&quot;,&quot;title_color&quot;:&quot;#443f3f&quot;,&quot;headings_color&quot;:&quot;#443f3f&quot;}\" >\n<div style=\"text-align: left;\" data-title-color=\"#443f3f\" data-headings-color=\"#443f3f\" class=\"panel-widget-style panel-widget-style-for-375-2-2-0\" >\n<h3 class=\"widget-title\">Le Traitement<\/h3>\n<div class=\"textwidget\">\n<p><span class=\"textheading2 mobile-undersized-upper\">Selon vos sympt\u00f4mes et votre profil, un traitement adapt\u00e9 sera alors d\u00e9termin\u00e9.<\/span><br \/>\n<span class=\"textheading2\">La premi\u00e8re s\u00e9ance dure au minimum 1 heure.<\/span><br \/>\n<span class=\"textheading2\">Les suivantes sont moins longues.<\/span><\/p>\n<\/div><\/div>\n<\/div>\n<\/div>\n<\/div>\n<\/div>\n<\/div>\n","protected":false},"excerpt":{"rendered":"<p>Comment se d\u00e9roule une s\u00e9ance ? L\u2019Anamn\u00e8se C\u2019est l\u2019\u00e9tude de votre histoire. Cela permettra de rassembler le plus d\u2019informations possibles sur la douleur dont vous souffrez.\u00a0Cela permettra \u00e9galement de la placer dans votre contexte personnel: ant\u00e9c\u00e9dents personnels et familiaux. Mais aussi et surtout, d\u2019apprendre vos habitudes de vie, de posture, de consommation, de sommeil, etc\u2026 [&hellip;]<\/p>\n","protected":false},"author":1,"featured_media":0,"parent":0,"menu_order":0,"comment_status":"closed","ping_status":"closed","template":"page-templates\/page_front-page.php","meta":{"footnotes":""},"class_list":["post-375","page","type-page","status-publish","hentry"],"_links":{"self":[{"href":"http:\/\/chiro-creteil.fr\/index.php\/wp-json\/wp\/v2\/pages\/375","targetHints":{"allow":["GET"]}}],"collection":[{"href":"http:\/\/chiro-creteil.fr\/index.php\/wp-json\/wp\/v2\/pages"}],"about":[{"href":"http:\/\/chiro-creteil.fr\/index.php\/wp-json\/wp\/v2\/types\/page"}],"author":[{"embeddable":true,"href":"http:\/\/chiro-creteil.fr\/index.php\/wp-json\/wp\/v2\/users\/1"}],"replies":[{"embeddable":true,"href":"http:\/\/chiro-creteil.fr\/index.php\/wp-json\/wp\/v2\/comments?post=375"}],"version-history":[{"count":23,"href":"http:\/\/chiro-creteil.fr\/index.php\/wp-json\/wp\/v2\/pages\/375\/revisions"}],"predecessor-version":[{"id":507,"href":"http:\/\/chiro-creteil.fr\/index.php\/wp-json\/wp\/v2\/pages\/375\/revisions\/507"}],"wp:attachment":[{"href":"http:\/\/chiro-creteil.fr\/index.php\/wp-json\/wp\/v2\/media?parent=375"}],"curies":[{"name":"wp","href":"https:\/\/api.w.org\/{rel}","templated":true}]}}