{"id":400,"date":"2017-07-23T13:50:42","date_gmt":"2017-07-23T11:50:42","guid":{"rendered":"http:\/\/chiro-creteil.fr\/chiro-creteil-test\/?page_id=400"},"modified":"2017-07-30T11:23:27","modified_gmt":"2017-07-30T09:23:27","slug":"faq","status":"publish","type":"page","link":"https:\/\/chiro-creteil.fr\/index.php\/faq\/","title":{"rendered":"FAQ"},"content":{"rendered":"<div id=\"pl-400\"  class=\"panel-layout\" >\n<div id=\"pg-400-0\"  class=\"panel-grid panel-has-style\"  data-style=\"{&quot;cell_alignment&quot;:&quot;flex-start&quot;,&quot;align&quot;:&quot;&quot;,&quot;overlay&quot;:&quot;&quot;,&quot;overlay_color&quot;:&quot;#000000&quot;}\" >\n<div style=\"padding: 100px 0; \" data-overlay=\"true\" data-overlay-color=\"#000000\" class=\"panel-row-style panel-row-style-for-400-0\" >\n<div id=\"pgc-400-0-0\"  class=\"panel-grid-cell\"  data-weight=\"1\" >\n<div id=\"panel-400-0-0-0\" class=\"so-panel widget widget_text panel-first-child panel-last-child\" data-index=\"0\" data-style=\"{&quot;background_display&quot;:&quot;tile&quot;,&quot;content_alignment&quot;:&quot;left&quot;,&quot;title_color&quot;:&quot;#443f3f&quot;,&quot;headings_color&quot;:&quot;#443f3f&quot;}\" >\n<div style=\"text-align: left;\" data-title-color=\"#443f3f\" data-headings-color=\"#443f3f\" class=\"panel-widget-style panel-widget-style-for-400-0-0-0\" >\n<h3 class=\"widget-title\">La chiropraxie est-elle reconnue en France ?<\/h3>\n<div class=\"textwidget\">\n<p><span class=\" mobile-undersized-upper\">La chiropratique est reconnue en France depuis 1940 et l\u00e9galis\u00e9e depuis mars 2002.<\/span><\/p>\n<p><span class=\" mobile-undersized-upper\">Les d\u00e9crets d\u2019application sont parus en janvier 2011 permettant l\u2019exercice en premier intention des th\u00e9rapeutes .<\/span><\/p>\n<p><span class=\" mobile-undersized-upper\">On compte plus de 100 000 praticiens dans le monde, ce qui fait de la chiropraxie la premi\u00e8re profession de sant\u00e9 manuelle au monde.<\/span><\/p>\n<p><span class=\" mobile-undersized-upper\">Ce chiffre contraste fortement avec celui du nombre de chiropracteurs Fran\u00e7ais, qui est de 700.<\/span><\/p>\n<p><span class=\" mobile-undersized-upper\">En Suisse, le chiropraticien a le m\u00eame statut qu\u2019un m\u00e9decin sp\u00e9cialiste et ses s\u00e9ances sont rembours\u00e9es par l\u2019assurance maladie. Aux Etats-Unis, les chiropracteurs sont plus consult\u00e9s que les chirurgiens-dentistes certaines ann\u00e9es.<\/span><\/p>\n<\/div><\/div>\n<\/div>\n<\/div>\n<\/div>\n<\/div>\n<div id=\"pg-400-1\"  class=\"panel-grid panel-has-style\"  data-style=\"{&quot;padding&quot;:&quot;0px&quot;,&quot;cell_alignment&quot;:&quot;flex-start&quot;,&quot;align&quot;:&quot;&quot;,&quot;overlay&quot;:&quot;&quot;,&quot;overlay_color&quot;:&quot;#000000&quot;}\" >\n<div style=\"padding: 0px 0; \" data-overlay=\"true\" data-overlay-color=\"#000000\" class=\"panel-row-style panel-row-style-for-400-1\" >\n<div id=\"pgc-400-1-0\"  class=\"panel-grid-cell\"  data-weight=\"1\" >\n<div id=\"panel-400-1-0-0\" class=\"so-panel widget widget_text panel-first-child panel-last-child\" data-index=\"1\" data-style=\"{&quot;background_display&quot;:&quot;tile&quot;,&quot;content_alignment&quot;:&quot;left&quot;,&quot;title_color&quot;:&quot;#443f3f&quot;,&quot;headings_color&quot;:&quot;#443f3f&quot;}\" >\n<div style=\"text-align: left;\" data-title-color=\"#443f3f\" data-headings-color=\"#443f3f\" class=\"panel-widget-style panel-widget-style-for-400-1-0-0\" >\n<h3 class=\"widget-title\">Diff\u00e9rences ost\u00e9opathes \/ chiropracteurs ?<\/h3>\n<div class=\"textwidget\">\n<p>L\u2019ost\u00e9opathe en France est form\u00e9, selon les \u00e9coles, en 3 ou 5 ans.<\/p>\n<p>L\u00e0 o\u00f9 la chiropraxie est enseign\u00e9e en 6 ans dans toute la France.<\/p>\n<p>La formation chiropratique est la m\u00eame dans le monde entier, l\u00e0 ou, en France l\u2019osth\u00e9opathie compte d\u00e9j\u00e0 40 \u00e9coles distinctes (sp\u00e9cialit\u00e9 et programme diff\u00e9rents).<\/p>\n<p>Aucune des deux n\u2019est rembours\u00e9e par la s\u00e9curit\u00e9 sociale, mais elles le sont pas certaines mutuelles.<\/p>\n<p>Ces deux professions traitent globalement les m\u00eames sympt\u00f4mes, mais avec des approches diff\u00e9rentes.<\/p>\n<p>Depuis quelques ann\u00e9es, les d\u00e9crets d\u2019applications de la chiropraxie et de l\u2019ost\u00e9opathie ont r\u00e9glement\u00e9 leur champs d\u2019application propre.<\/p>\n<\/div><\/div>\n<\/div>\n<\/div>\n<\/div>\n<\/div>\n<div id=\"pg-400-2\"  class=\"panel-grid panel-has-style\"  data-style=\"{&quot;padding&quot;:&quot;40px&quot;,&quot;cell_alignment&quot;:&quot;flex-start&quot;,&quot;align&quot;:&quot;&quot;,&quot;background_image&quot;:false,&quot;overlay&quot;:&quot;&quot;,&quot;overlay_color&quot;:&quot;#000000&quot;}\" >\n<div style=\"padding: 40px 0; \" data-overlay=\"true\" data-overlay-color=\"#000000\" class=\"panel-row-style panel-row-style-for-400-2\" >\n<div id=\"pgc-400-2-0\"  class=\"panel-grid-cell\"  data-weight=\"1\" >\n<div id=\"panel-400-2-0-0\" class=\"so-panel widget widget_media_image panel-first-child panel-last-child\" data-index=\"2\" data-style=\"{&quot;background_image_attachment&quot;:false,&quot;background_display&quot;:&quot;tile&quot;,&quot;content_alignment&quot;:&quot;center&quot;,&quot;title_color&quot;:&quot;#443f3f&quot;,&quot;headings_color&quot;:&quot;#443f3f&quot;}\" >\n<div style=\"text-align: center;\" data-title-color=\"#443f3f\" data-headings-color=\"#443f3f\" class=\"panel-widget-style panel-widget-style-for-400-2-0-0\" ><img loading=\"lazy\" decoding=\"async\" width=\"483\" height=\"448\" src=\"http:\/\/gmamessier.free.fr\/chiro-creteil-test\/wp-content\/uploads\/2017\/07\/edf4f7806d-diff-oste-chiro-1.png\" class=\"image wp-image-107  attachment-full size-full\" alt=\"\" style=\"max-width: 100%; height: auto;\" srcset=\"http:\/\/gmamessier.free.fr\/chiro-creteil-test\/wp-content\/uploads\/2017\/07\/edf4f7806d-diff-oste-chiro-1.png 483w, http:\/\/gmamessier.free.fr\/chiro-creteil-test\/wp-content\/uploads\/2017\/07\/edf4f7806d-diff-oste-chiro-1-300x278.png 300w, http:\/\/gmamessier.free.fr\/chiro-creteil-test\/wp-content\/uploads\/2017\/07\/edf4f7806d-diff-oste-chiro-1-431x400.png 431w\" sizes=\"auto, (max-width: 483px) 100vw, 483px\" \/><\/div>\n<\/div>\n<\/div>\n<\/div>\n<\/div>\n<div id=\"pg-400-3\"  class=\"panel-grid panel-has-style\"  data-style=\"{&quot;cell_alignment&quot;:&quot;flex-start&quot;,&quot;align&quot;:&quot;&quot;,&quot;overlay&quot;:&quot;&quot;,&quot;overlay_color&quot;:&quot;#000000&quot;}\" >\n<div style=\"padding: 100px 0; \" data-overlay=\"true\" data-overlay-color=\"#000000\" class=\"panel-row-style panel-row-style-for-400-3\" >\n<div id=\"pgc-400-3-0\"  class=\"panel-grid-cell\"  data-weight=\"1\" >\n<div id=\"panel-400-3-0-0\" class=\"so-panel widget widget_text panel-first-child panel-last-child\" data-index=\"3\" data-style=\"{&quot;background_display&quot;:&quot;tile&quot;,&quot;content_alignment&quot;:&quot;left&quot;,&quot;title_color&quot;:&quot;#443f3f&quot;,&quot;headings_color&quot;:&quot;#443f3f&quot;}\" >\n<div style=\"text-align: left;\" data-title-color=\"#443f3f\" data-headings-color=\"#443f3f\" class=\"panel-widget-style panel-widget-style-for-400-3-0-0\" >\n<h3 class=\"widget-title\">Diff\u00e9rences kin\u00e9sith\u00e9rapeutes \/ chiropracteurs ?<\/h3>\n<div class=\"textwidget\">\n<p>Le kin\u00e9sith\u00e9rapeute est form\u00e9 en 3 ans apr\u00e8s concours.<\/p>\n<p>Le kin\u00e9sith\u00e9rapeute n\u2019est pas form\u00e9 au diagnostic, contrairement au chiropracteur qui est apte \u00e0 poser un nom sur vos douleurs.<\/p>\n<p>Le kin\u00e9sith\u00e9rapeute ne vous traite qu\u2019apr\u00e8s une visite pr\u00e9alable chez le g\u00e9n\u00e9raliste qui va lui indiquer la conduite \u00e0 tenir pour vous traiter.<\/p>\n<p>Il r\u00e9alise donc le traitement prescrit par le m\u00e9decin.<\/p>\n<p>Il n\u2019utilise pas les m\u00eames techniques que le chiropracteur et dispose d\u2019un arsenal th\u00e9rapeutique qui lui est propre.<\/p>\n<p>Le chiropracteur travail souvent avec le kin\u00e9sith\u00e9rapeute quand de la r\u00e9habilitation et de la r\u00e9\u00e9ducation sont \u00e0 faire.<\/p>\n<\/div><\/div>\n<\/div>\n<\/div>\n<\/div>\n<\/div>\n<div id=\"pg-400-4\"  class=\"panel-grid panel-has-style\"  data-style=\"{&quot;padding&quot;:&quot;0px&quot;,&quot;cell_alignment&quot;:&quot;flex-start&quot;,&quot;align&quot;:&quot;&quot;,&quot;overlay&quot;:&quot;&quot;,&quot;overlay_color&quot;:&quot;#000000&quot;}\" >\n<div style=\"padding: 0px 0; \" data-overlay=\"true\" data-overlay-color=\"#000000\" class=\"panel-row-style panel-row-style-for-400-4\" >\n<div id=\"pgc-400-4-0\"  class=\"panel-grid-cell\"  data-weight=\"1\" >\n<div id=\"panel-400-4-0-0\" class=\"so-panel widget widget_text panel-first-child panel-last-child\" data-index=\"4\" data-style=\"{&quot;background_display&quot;:&quot;tile&quot;,&quot;content_alignment&quot;:&quot;left&quot;,&quot;title_color&quot;:&quot;#443f3f&quot;,&quot;headings_color&quot;:&quot;#443f3f&quot;}\" >\n<div style=\"text-align: left;\" data-title-color=\"#443f3f\" data-headings-color=\"#443f3f\" class=\"panel-widget-style panel-widget-style-for-400-4-0-0\" >\n<h3 class=\"widget-title\">Les s\u00e9ances sont-elles rembours\u00e9es par la S\u00e9curit\u00e9 Sociale ?<\/h3>\n<div class=\"textwidget\">\n<p>Non elles ne le sont pas. N\u00e9anmoins de plus en plus de mutuelles prennent en charge les s\u00e9ances \u00e0 des degr\u00e9s diff\u00e9rents.<\/p>\n<p>N\u2019h\u00e9sitez par \u00e0 leur poser la question et regarder si votre mutuelle fait partie de la liste ci dessous Voir la liste des mutuelles.<\/p>\n<\/div><\/div>\n<\/div>\n<\/div>\n<\/div>\n<\/div>\n<div id=\"pg-400-5\"  class=\"panel-grid panel-has-style\"  data-style=\"{&quot;cell_alignment&quot;:&quot;flex-start&quot;,&quot;align&quot;:&quot;&quot;,&quot;overlay&quot;:&quot;&quot;,&quot;overlay_color&quot;:&quot;#000000&quot;}\" >\n<div style=\"padding: 100px 0; \" data-overlay=\"true\" data-overlay-color=\"#000000\" class=\"panel-row-style panel-row-style-for-400-5\" >\n<div id=\"pgc-400-5-0\"  class=\"panel-grid-cell\"  data-weight=\"1\" >\n<div id=\"panel-400-5-0-0\" class=\"so-panel widget widget_text panel-first-child panel-last-child\" data-index=\"5\" data-style=\"{&quot;background_display&quot;:&quot;tile&quot;,&quot;content_alignment&quot;:&quot;left&quot;,&quot;title_color&quot;:&quot;#443f3f&quot;,&quot;headings_color&quot;:&quot;#443f3f&quot;}\" >\n<div style=\"text-align: left;\" data-title-color=\"#443f3f\" data-headings-color=\"#443f3f\" class=\"panel-widget-style panel-widget-style-for-400-5-0-0\" >\n<h3 class=\"widget-title\">Pourquoi dois-je revenir plusieurs fois?<\/h3>\n<div class=\"textwidget\">\n<p>En g\u00e9n\u00e9ral, le motif de la premi\u00e8re consultation est une douleur.<\/p>\n<p>Cette douleur \u00e9tant la r\u00e9sultante de plusieurs ann\u00e9es de mauvaises habitudes, il est parfois long et difficile de les faire disparaitre.<\/p>\n<p>Ainsi, il est n\u00e9cessaire, comme une r\u00e9\u00e9ducation, de redonner la bonne information au corps, jusqu\u2019\u00e0 temps que celui ci l\u2019int\u00e8gre d\u00e9finitivement.<\/p>\n<p>En g\u00e9n\u00e9ral 3 s\u00e9ances en 5 semaines sont n\u00e9cessaires.<\/p>\n<p>Une fois cette douleur disparue, il est pr\u00e9f\u00e9rable pour votre corps de pr\u00e9venir l\u2019apparition d\u2019autres douleurs et par cons\u00e9quent de stopper cette boucle de mauvaises postures\/stress \u2013&gt; adaptations du corps aux d\u00e9sordres \u2013&gt; installation de d\u00e9rangements articulaires et musculaires \u2013&gt; interf\u00e9rences nerveuses \u2013&gt; douleur!<\/p>\n<p>Il s\u2019agit en g\u00e9n\u00e9ral d\u2019une visite tous les 1 mois et demi \u00e0 deux mois.<\/p>\n<\/div><\/div>\n<\/div>\n<\/div>\n<\/div>\n<\/div>\n<\/div>\n","protected":false},"excerpt":{"rendered":"<p>La chiropraxie est-elle reconnue en France ? La chiropratique est reconnue en France depuis 1940 et l\u00e9galis\u00e9e depuis mars 2002. Les d\u00e9crets d\u2019application sont parus en janvier 2011 permettant l\u2019exercice en premier intention des th\u00e9rapeutes . On compte plus de 100 000 praticiens dans le monde, ce qui fait de la chiropraxie la premi\u00e8re profession [&hellip;]<\/p>\n","protected":false},"author":1,"featured_media":0,"parent":0,"menu_order":0,"comment_status":"closed","ping_status":"closed","template":"page-templates\/page_front-page.php","meta":{"footnotes":""},"class_list":["post-400","page","type-page","status-publish","hentry"],"_links":{"self":[{"href":"https:\/\/chiro-creteil.fr\/index.php\/wp-json\/wp\/v2\/pages\/400","targetHints":{"allow":["GET"]}}],"collection":[{"href":"https:\/\/chiro-creteil.fr\/index.php\/wp-json\/wp\/v2\/pages"}],"about":[{"href":"https:\/\/chiro-creteil.fr\/index.php\/wp-json\/wp\/v2\/types\/page"}],"author":[{"embeddable":true,"href":"https:\/\/chiro-creteil.fr\/index.php\/wp-json\/wp\/v2\/users\/1"}],"replies":[{"embeddable":true,"href":"https:\/\/chiro-creteil.fr\/index.php\/wp-json\/wp\/v2\/comments?post=400"}],"version-history":[{"count":9,"href":"https:\/\/chiro-creteil.fr\/index.php\/wp-json\/wp\/v2\/pages\/400\/revisions"}],"predecessor-version":[{"id":490,"href":"https:\/\/chiro-creteil.fr\/index.php\/wp-json\/wp\/v2\/pages\/400\/revisions\/490"}],"wp:attachment":[{"href":"https:\/\/chiro-creteil.fr\/index.php\/wp-json\/wp\/v2\/media?parent=400"}],"curies":[{"name":"wp","href":"https:\/\/api.w.org\/{rel}","templated":true}]}}